{"id":244,"date":"2021-12-05T18:02:10","date_gmt":"2021-12-05T17:02:10","guid":{"rendered":"https:\/\/am-artcreation.com\/?page_id=244"},"modified":"2023-09-20T17:48:23","modified_gmt":"2023-09-20T15:48:23","slug":"sculptures","status":"publish","type":"page","link":"https:\/\/am-artcreation.com\/index.php\/sculptures\/","title":{"rendered":"Sculptures"},"content":{"rendered":"\n<p class=\"has-text-align-center\">Toutes mati\u00e8res sous toutes les formes au service de la repr\u00e9sentation des vivants de notre plan\u00e8te<\/p>\n\n\n\n<figure class=\"wp-container-2 wp-block-gallery-1 wp-block-gallery has-nested-images columns-default is-cropped\">\n<figure class=\"wp-block-image size-large\"><img loading=\"lazy\" width=\"2560\" height=\"1089\" data-id=\"184\"  src=\"https:\/\/am-artcreation.com\/wp-content\/uploads\/2021\/11\/SC25-scaled.jpg\" alt=\"\" class=\"wp-image-184\" srcset=\"https:\/\/am-artcreation.com\/wp-content\/uploads\/2021\/11\/SC25-scaled.jpg 2560w, https:\/\/am-artcreation.com\/wp-content\/uploads\/2021\/11\/SC25-300x128.jpg 300w, https:\/\/am-artcreation.com\/wp-content\/uploads\/2021\/11\/SC25-1024x436.jpg 1024w, https:\/\/am-artcreation.com\/wp-content\/uploads\/2021\/11\/SC25-768x327.jpg 768w, https:\/\/am-artcreation.com\/wp-content\/uploads\/2021\/11\/SC25-1536x654.jpg 1536w, https:\/\/am-artcreation.com\/wp-content\/uploads\/2021\/11\/SC25-2048x872.jpg 2048w, https:\/\/am-artcreation.com\/wp-content\/uploads\/2021\/11\/SC25-1200x511.jpg 1200w, https:\/\/am-artcreation.com\/wp-content\/uploads\/2021\/11\/SC25-1980x843.jpg 1980w, https:\/\/am-artcreation.com\/wp-content\/uploads\/2021\/11\/SC25-1320x562.jpg 1320w\" sizes=\"(max-width: 2560px) 100vw, 2560px\" \/><figcaption>SC25<\/figcaption><\/figure>\n\n\n\n<figure class=\"wp-block-image size-large\"><img loading=\"lazy\" width=\"2560\" height=\"1311\" data-id=\"183\"  src=\"https:\/\/am-artcreation.com\/wp-content\/uploads\/2021\/11\/SC24-scaled.jpg\" alt=\"\" class=\"wp-image-183\" srcset=\"https:\/\/am-artcreation.com\/wp-content\/uploads\/2021\/11\/SC24-scaled.jpg 2560w, https:\/\/am-artcreation.com\/wp-content\/uploads\/2021\/11\/SC24-300x154.jpg 300w, https:\/\/am-artcreation.com\/wp-content\/uploads\/2021\/11\/SC24-1024x524.jpg 1024w, https:\/\/am-artcreation.com\/wp-content\/uploads\/2021\/11\/SC24-768x393.jpg 768w, https:\/\/am-artcreation.com\/wp-content\/uploads\/2021\/11\/SC24-1536x787.jpg 1536w, https:\/\/am-artcreation.com\/wp-content\/uploads\/2021\/11\/SC24-2048x1049.jpg 2048w, https:\/\/am-artcreation.com\/wp-content\/uploads\/2021\/11\/SC24-1200x615.jpg 1200w, https:\/\/am-artcreation.com\/wp-content\/uploads\/2021\/11\/SC24-1980x1014.jpg 1980w, https:\/\/am-artcreation.com\/wp-content\/uploads\/2021\/11\/SC24-1320x676.jpg 1320w\" sizes=\"(max-width: 2560px) 100vw, 2560px\" \/><figcaption>SC24<\/figcaption><\/figure>\n\n\n\n<figure class=\"wp-block-image size-large\"><img loading=\"lazy\" width=\"734\" height=\"1684\" data-id=\"182\"  src=\"https:\/\/am-artcreation.com\/wp-content\/uploads\/2021\/11\/SC23.jpg\" alt=\"\" class=\"wp-image-182\" srcset=\"https:\/\/am-artcreation.com\/wp-content\/uploads\/2021\/11\/SC23.jpg 734w, https:\/\/am-artcreation.com\/wp-content\/uploads\/2021\/11\/SC23-131x300.jpg 131w, https:\/\/am-artcreation.com\/wp-content\/uploads\/2021\/11\/SC23-446x1024.jpg 446w, https:\/\/am-artcreation.com\/wp-content\/uploads\/2021\/11\/SC23-669x1536.jpg 669w\" sizes=\"(max-width: 734px) 100vw, 734px\" \/><figcaption>SC23<\/figcaption><\/figure>\n\n\n\n<figure class=\"wp-block-image size-large\"><img loading=\"lazy\" width=\"506\" height=\"1004\" data-id=\"181\"  src=\"https:\/\/am-artcreation.com\/wp-content\/uploads\/2021\/11\/SC22.jpg\" alt=\"\" class=\"wp-image-181\" srcset=\"https:\/\/am-artcreation.com\/wp-content\/uploads\/2021\/11\/SC22.jpg 506w, https:\/\/am-artcreation.com\/wp-content\/uploads\/2021\/11\/SC22-151x300.jpg 151w\" sizes=\"(max-width: 506px) 100vw, 506px\" \/><figcaption>SC22<\/figcaption><\/figure>\n\n\n\n<figure class=\"wp-block-image size-large\"><img loading=\"lazy\" width=\"1601\" height=\"1551\" data-id=\"180\"  src=\"https:\/\/am-artcreation.com\/wp-content\/uploads\/2021\/11\/SC21.jpg\" alt=\"\" class=\"wp-image-180\" srcset=\"https:\/\/am-artcreation.com\/wp-content\/uploads\/2021\/11\/SC21.jpg 1601w, https:\/\/am-artcreation.com\/wp-content\/uploads\/2021\/11\/SC21-300x291.jpg 300w, https:\/\/am-artcreation.com\/wp-content\/uploads\/2021\/11\/SC21-1024x992.jpg 1024w, https:\/\/am-artcreation.com\/wp-content\/uploads\/2021\/11\/SC21-768x744.jpg 768w, https:\/\/am-artcreation.com\/wp-content\/uploads\/2021\/11\/SC21-1536x1488.jpg 1536w, https:\/\/am-artcreation.com\/wp-content\/uploads\/2021\/11\/SC21-1200x1163.jpg 1200w, https:\/\/am-artcreation.com\/wp-content\/uploads\/2021\/11\/SC21-1320x1279.jpg 1320w\" sizes=\"(max-width: 1601px) 100vw, 1601px\" \/><figcaption>SC21<\/figcaption><\/figure>\n\n\n\n<figure class=\"wp-block-image size-large\"><img loading=\"lazy\" width=\"833\" height=\"1698\" data-id=\"179\"  src=\"https:\/\/am-artcreation.com\/wp-content\/uploads\/2021\/11\/SC20.jpg\" alt=\"\" class=\"wp-image-179\" srcset=\"https:\/\/am-artcreation.com\/wp-content\/uploads\/2021\/11\/SC20.jpg 833w, https:\/\/am-artcreation.com\/wp-content\/uploads\/2021\/11\/SC20-147x300.jpg 147w, https:\/\/am-artcreation.com\/wp-content\/uploads\/2021\/11\/SC20-502x1024.jpg 502w, https:\/\/am-artcreation.com\/wp-content\/uploads\/2021\/11\/SC20-768x1566.jpg 768w, https:\/\/am-artcreation.com\/wp-content\/uploads\/2021\/11\/SC20-754x1536.jpg 754w\" sizes=\"(max-width: 833px) 100vw, 833px\" \/><figcaption>SC20<\/figcaption><\/figure>\n\n\n\n<figure class=\"wp-block-image size-large\"><img loading=\"lazy\" width=\"574\" height=\"1232\" data-id=\"178\"  src=\"https:\/\/am-artcreation.com\/wp-content\/uploads\/2021\/11\/SC19.jpg\" alt=\"\" class=\"wp-image-178\" srcset=\"https:\/\/am-artcreation.com\/wp-content\/uploads\/2021\/11\/SC19.jpg 574w, https:\/\/am-artcreation.com\/wp-content\/uploads\/2021\/11\/SC19-140x300.jpg 140w, https:\/\/am-artcreation.com\/wp-content\/uploads\/2021\/11\/SC19-477x1024.jpg 477w\" sizes=\"(max-width: 574px) 100vw, 574px\" \/><figcaption>SC19<\/figcaption><\/figure>\n\n\n\n<figure class=\"wp-block-image size-large\"><img loading=\"lazy\" width=\"504\" height=\"965\" data-id=\"177\"  src=\"https:\/\/am-artcreation.com\/wp-content\/uploads\/2021\/11\/SC18.jpg\" alt=\"\" class=\"wp-image-177\" srcset=\"https:\/\/am-artcreation.com\/wp-content\/uploads\/2021\/11\/SC18.jpg 504w, https:\/\/am-artcreation.com\/wp-content\/uploads\/2021\/11\/SC18-157x300.jpg 157w\" sizes=\"(max-width: 504px) 100vw, 504px\" \/><figcaption>SC18<\/figcaption><\/figure>\n\n\n\n<figure class=\"wp-block-image size-large\"><img loading=\"lazy\" width=\"427\" height=\"978\" data-id=\"176\"  src=\"https:\/\/am-artcreation.com\/wp-content\/uploads\/2021\/11\/SC17.jpg\" alt=\"\" class=\"wp-image-176\" srcset=\"https:\/\/am-artcreation.com\/wp-content\/uploads\/2021\/11\/SC17.jpg 427w, https:\/\/am-artcreation.com\/wp-content\/uploads\/2021\/11\/SC17-131x300.jpg 131w\" sizes=\"(max-width: 427px) 100vw, 427px\" \/><figcaption>SC17<\/figcaption><\/figure>\n\n\n\n<figure class=\"wp-block-image size-large\"><img loading=\"lazy\" width=\"642\" height=\"1053\" data-id=\"175\"  src=\"https:\/\/am-artcreation.com\/wp-content\/uploads\/2021\/11\/SC16.jpg\" alt=\"\" class=\"wp-image-175\" srcset=\"https:\/\/am-artcreation.com\/wp-content\/uploads\/2021\/11\/SC16.jpg 642w, https:\/\/am-artcreation.com\/wp-content\/uploads\/2021\/11\/SC16-183x300.jpg 183w, https:\/\/am-artcreation.com\/wp-content\/uploads\/2021\/11\/SC16-624x1024.jpg 624w\" sizes=\"(max-width: 642px) 100vw, 642px\" \/><figcaption>SC16<\/figcaption><\/figure>\n\n\n\n<figure class=\"wp-block-image size-large\"><img loading=\"lazy\" width=\"774\" height=\"2240\" data-id=\"174\"  src=\"https:\/\/am-artcreation.com\/wp-content\/uploads\/2021\/11\/SC15.jpg\" alt=\"\" class=\"wp-image-174\" srcset=\"https:\/\/am-artcreation.com\/wp-content\/uploads\/2021\/11\/SC15.jpg 774w, https:\/\/am-artcreation.com\/wp-content\/uploads\/2021\/11\/SC15-104x300.jpg 104w, https:\/\/am-artcreation.com\/wp-content\/uploads\/2021\/11\/SC15-354x1024.jpg 354w, https:\/\/am-artcreation.com\/wp-content\/uploads\/2021\/11\/SC15-768x2223.jpg 768w, https:\/\/am-artcreation.com\/wp-content\/uploads\/2021\/11\/SC15-531x1536.jpg 531w, https:\/\/am-artcreation.com\/wp-content\/uploads\/2021\/11\/SC15-708x2048.jpg 708w\" sizes=\"(max-width: 774px) 100vw, 774px\" \/><figcaption>SC15<\/figcaption><\/figure>\n\n\n\n<figure class=\"wp-block-image size-large\"><img loading=\"lazy\" width=\"832\" height=\"2054\" data-id=\"173\"  src=\"https:\/\/am-artcreation.com\/wp-content\/uploads\/2021\/11\/SC14.jpg\" alt=\"\" class=\"wp-image-173\" srcset=\"https:\/\/am-artcreation.com\/wp-content\/uploads\/2021\/11\/SC14.jpg 832w, https:\/\/am-artcreation.com\/wp-content\/uploads\/2021\/11\/SC14-122x300.jpg 122w, https:\/\/am-artcreation.com\/wp-content\/uploads\/2021\/11\/SC14-415x1024.jpg 415w, https:\/\/am-artcreation.com\/wp-content\/uploads\/2021\/11\/SC14-768x1896.jpg 768w, https:\/\/am-artcreation.com\/wp-content\/uploads\/2021\/11\/SC14-622x1536.jpg 622w, https:\/\/am-artcreation.com\/wp-content\/uploads\/2021\/11\/SC14-830x2048.jpg 830w\" sizes=\"(max-width: 832px) 100vw, 832px\" \/><figcaption>SC14<\/figcaption><\/figure>\n\n\n\n<figure class=\"wp-block-image size-large\"><img loading=\"lazy\" width=\"1930\" height=\"2006\" data-id=\"172\"  src=\"https:\/\/am-artcreation.com\/wp-content\/uploads\/2021\/11\/SC13.jpg\" alt=\"\" class=\"wp-image-172\" srcset=\"https:\/\/am-artcreation.com\/wp-content\/uploads\/2021\/11\/SC13.jpg 1930w, https:\/\/am-artcreation.com\/wp-content\/uploads\/2021\/11\/SC13-289x300.jpg 289w, https:\/\/am-artcreation.com\/wp-content\/uploads\/2021\/11\/SC13-985x1024.jpg 985w, https:\/\/am-artcreation.com\/wp-content\/uploads\/2021\/11\/SC13-768x798.jpg 768w, https:\/\/am-artcreation.com\/wp-content\/uploads\/2021\/11\/SC13-1478x1536.jpg 1478w, https:\/\/am-artcreation.com\/wp-content\/uploads\/2021\/11\/SC13-1200x1247.jpg 1200w, https:\/\/am-artcreation.com\/wp-content\/uploads\/2021\/11\/SC13-1320x1372.jpg 1320w\" sizes=\"(max-width: 1930px) 100vw, 1930px\" \/><figcaption>SC13<\/figcaption><\/figure>\n\n\n\n<figure class=\"wp-block-image size-large\"><img loading=\"lazy\" width=\"547\" height=\"1333\" data-id=\"171\"  src=\"https:\/\/am-artcreation.com\/wp-content\/uploads\/2021\/11\/SC12.jpg\" alt=\"\" class=\"wp-image-171\" srcset=\"https:\/\/am-artcreation.com\/wp-content\/uploads\/2021\/11\/SC12.jpg 547w, https:\/\/am-artcreation.com\/wp-content\/uploads\/2021\/11\/SC12-123x300.jpg 123w, https:\/\/am-artcreation.com\/wp-content\/uploads\/2021\/11\/SC12-420x1024.jpg 420w\" sizes=\"(max-width: 547px) 100vw, 547px\" \/><figcaption>SC12<\/figcaption><\/figure>\n\n\n\n<figure class=\"wp-block-image size-large\"><img loading=\"lazy\" width=\"352\" height=\"806\" data-id=\"170\"  src=\"https:\/\/am-artcreation.com\/wp-content\/uploads\/2021\/11\/SC11.jpg\" alt=\"\" class=\"wp-image-170\" srcset=\"https:\/\/am-artcreation.com\/wp-content\/uploads\/2021\/11\/SC11.jpg 352w, https:\/\/am-artcreation.com\/wp-content\/uploads\/2021\/11\/SC11-131x300.jpg 131w\" sizes=\"(max-width: 352px) 100vw, 352px\" \/><figcaption>SC11<\/figcaption><\/figure>\n\n\n\n<figure class=\"wp-block-image size-large\"><img loading=\"lazy\" width=\"364\" height=\"716\" data-id=\"169\"  src=\"https:\/\/am-artcreation.com\/wp-content\/uploads\/2021\/11\/SC10.jpg\" alt=\"\" class=\"wp-image-169\" srcset=\"https:\/\/am-artcreation.com\/wp-content\/uploads\/2021\/11\/SC10.jpg 364w, https:\/\/am-artcreation.com\/wp-content\/uploads\/2021\/11\/SC10-153x300.jpg 153w\" sizes=\"(max-width: 364px) 100vw, 364px\" \/><figcaption>SC10<\/figcaption><\/figure>\n\n\n\n<figure class=\"wp-block-image size-large\"><img loading=\"lazy\" width=\"603\" height=\"1883\" data-id=\"168\"  src=\"https:\/\/am-artcreation.com\/wp-content\/uploads\/2021\/11\/SC9.jpg\" alt=\"\" class=\"wp-image-168\" srcset=\"https:\/\/am-artcreation.com\/wp-content\/uploads\/2021\/11\/SC9.jpg 603w, https:\/\/am-artcreation.com\/wp-content\/uploads\/2021\/11\/SC9-96x300.jpg 96w, https:\/\/am-artcreation.com\/wp-content\/uploads\/2021\/11\/SC9-328x1024.jpg 328w, https:\/\/am-artcreation.com\/wp-content\/uploads\/2021\/11\/SC9-492x1536.jpg 492w\" sizes=\"(max-width: 603px) 100vw, 603px\" \/><figcaption>SC09<\/figcaption><\/figure>\n\n\n\n<figure class=\"wp-block-image size-large\"><img loading=\"lazy\" width=\"712\" height=\"1992\" data-id=\"167\"  src=\"https:\/\/am-artcreation.com\/wp-content\/uploads\/2021\/11\/SC8.jpg\" alt=\"\" class=\"wp-image-167\" srcset=\"https:\/\/am-artcreation.com\/wp-content\/uploads\/2021\/11\/SC8.jpg 712w, https:\/\/am-artcreation.com\/wp-content\/uploads\/2021\/11\/SC8-107x300.jpg 107w, https:\/\/am-artcreation.com\/wp-content\/uploads\/2021\/11\/SC8-366x1024.jpg 366w, https:\/\/am-artcreation.com\/wp-content\/uploads\/2021\/11\/SC8-549x1536.jpg 549w\" sizes=\"(max-width: 712px) 100vw, 712px\" \/><figcaption>SC08<\/figcaption><\/figure>\n\n\n\n<figure class=\"wp-block-image size-large\"><img loading=\"lazy\" width=\"597\" height=\"2105\" data-id=\"166\"  src=\"https:\/\/am-artcreation.com\/wp-content\/uploads\/2021\/11\/SC7.jpg\" alt=\"\" class=\"wp-image-166\" srcset=\"https:\/\/am-artcreation.com\/wp-content\/uploads\/2021\/11\/SC7.jpg 597w, https:\/\/am-artcreation.com\/wp-content\/uploads\/2021\/11\/SC7-85x300.jpg 85w, https:\/\/am-artcreation.com\/wp-content\/uploads\/2021\/11\/SC7-290x1024.jpg 290w, https:\/\/am-artcreation.com\/wp-content\/uploads\/2021\/11\/SC7-436x1536.jpg 436w, https:\/\/am-artcreation.com\/wp-content\/uploads\/2021\/11\/SC7-581x2048.jpg 581w\" sizes=\"(max-width: 597px) 100vw, 597px\" \/><figcaption>SC07<\/figcaption><\/figure>\n\n\n\n<figure class=\"wp-block-image size-large\"><img loading=\"lazy\" width=\"946\" height=\"1949\" data-id=\"165\"  src=\"https:\/\/am-artcreation.com\/wp-content\/uploads\/2021\/11\/SC6.jpg\" alt=\"\" class=\"wp-image-165\" srcset=\"https:\/\/am-artcreation.com\/wp-content\/uploads\/2021\/11\/SC6.jpg 946w, https:\/\/am-artcreation.com\/wp-content\/uploads\/2021\/11\/SC6-146x300.jpg 146w, https:\/\/am-artcreation.com\/wp-content\/uploads\/2021\/11\/SC6-497x1024.jpg 497w, https:\/\/am-artcreation.com\/wp-content\/uploads\/2021\/11\/SC6-768x1582.jpg 768w, https:\/\/am-artcreation.com\/wp-content\/uploads\/2021\/11\/SC6-746x1536.jpg 746w\" sizes=\"(max-width: 946px) 100vw, 946px\" \/><figcaption>SC06<\/figcaption><\/figure>\n\n\n\n<figure class=\"wp-block-image size-large\"><img loading=\"lazy\" width=\"636\" height=\"2240\" data-id=\"164\"  src=\"https:\/\/am-artcreation.com\/wp-content\/uploads\/2021\/11\/SC5.jpg\" alt=\"\" class=\"wp-image-164\" srcset=\"https:\/\/am-artcreation.com\/wp-content\/uploads\/2021\/11\/SC5.jpg 636w, https:\/\/am-artcreation.com\/wp-content\/uploads\/2021\/11\/SC5-85x300.jpg 85w, https:\/\/am-artcreation.com\/wp-content\/uploads\/2021\/11\/SC5-291x1024.jpg 291w, https:\/\/am-artcreation.com\/wp-content\/uploads\/2021\/11\/SC5-436x1536.jpg 436w\" sizes=\"(max-width: 636px) 100vw, 636px\" \/><figcaption>SC05<\/figcaption><\/figure>\n\n\n\n<figure class=\"wp-block-image size-large\"><img loading=\"lazy\" width=\"783\" height=\"2006\" data-id=\"163\"  src=\"https:\/\/am-artcreation.com\/wp-content\/uploads\/2021\/11\/SC4.jpg\" alt=\"\" class=\"wp-image-163\" srcset=\"https:\/\/am-artcreation.com\/wp-content\/uploads\/2021\/11\/SC4.jpg 783w, https:\/\/am-artcreation.com\/wp-content\/uploads\/2021\/11\/SC4-117x300.jpg 117w, https:\/\/am-artcreation.com\/wp-content\/uploads\/2021\/11\/SC4-400x1024.jpg 400w, https:\/\/am-artcreation.com\/wp-content\/uploads\/2021\/11\/SC4-768x1968.jpg 768w, https:\/\/am-artcreation.com\/wp-content\/uploads\/2021\/11\/SC4-600x1536.jpg 600w\" sizes=\"(max-width: 783px) 100vw, 783px\" \/><figcaption>SC04<\/figcaption><\/figure>\n\n\n\n<figure class=\"wp-block-image size-large\"><img loading=\"lazy\" width=\"403\" height=\"1681\" data-id=\"162\"  src=\"https:\/\/am-artcreation.com\/wp-content\/uploads\/2021\/11\/SC3.jpg\" alt=\"\" class=\"wp-image-162\" srcset=\"https:\/\/am-artcreation.com\/wp-content\/uploads\/2021\/11\/SC3.jpg 403w, https:\/\/am-artcreation.com\/wp-content\/uploads\/2021\/11\/SC3-72x300.jpg 72w, https:\/\/am-artcreation.com\/wp-content\/uploads\/2021\/11\/SC3-368x1536.jpg 368w\" sizes=\"(max-width: 403px) 100vw, 403px\" \/><figcaption>SC03<\/figcaption><\/figure>\n\n\n\n<figure class=\"wp-block-image size-large\"><img loading=\"lazy\" width=\"545\" height=\"2041\" data-id=\"161\"  src=\"https:\/\/am-artcreation.com\/wp-content\/uploads\/2021\/11\/SC2.jpg\" alt=\"\" class=\"wp-image-161\" srcset=\"https:\/\/am-artcreation.com\/wp-content\/uploads\/2021\/11\/SC2.jpg 545w, https:\/\/am-artcreation.com\/wp-content\/uploads\/2021\/11\/SC2-80x300.jpg 80w, https:\/\/am-artcreation.com\/wp-content\/uploads\/2021\/11\/SC2-410x1536.jpg 410w\" sizes=\"(max-width: 545px) 100vw, 545px\" \/><figcaption>SC02<\/figcaption><\/figure>\n\n\n\n<figure class=\"wp-block-image size-large\"><img loading=\"lazy\" width=\"729\" height=\"1790\" data-id=\"160\"  src=\"https:\/\/am-artcreation.com\/wp-content\/uploads\/2021\/11\/SC1.jpg\" alt=\"\" class=\"wp-image-160\" srcset=\"https:\/\/am-artcreation.com\/wp-content\/uploads\/2021\/11\/SC1.jpg 729w, https:\/\/am-artcreation.com\/wp-content\/uploads\/2021\/11\/SC1-122x300.jpg 122w, https:\/\/am-artcreation.com\/wp-content\/uploads\/2021\/11\/SC1-417x1024.jpg 417w, https:\/\/am-artcreation.com\/wp-content\/uploads\/2021\/11\/SC1-626x1536.jpg 626w\" sizes=\"(max-width: 729px) 100vw, 729px\" \/><figcaption>SC01<\/figcaption><\/figure>\n<\/figure>\n","protected":false},"excerpt":{"rendered":"<p>Toutes mati\u00e8res sous toutes les formes au service de la repr\u00e9sentation des vivants de notre plan\u00e8te<\/p>\n","protected":false},"author":1,"featured_media":0,"parent":0,"menu_order":0,"comment_status":"closed","ping_status":"closed","template":"","meta":[],"_links":{"self":[{"href":"https:\/\/am-artcreation.com\/index.php\/wp-json\/wp\/v2\/pages\/244"}],"collection":[{"href":"https:\/\/am-artcreation.com\/index.php\/wp-json\/wp\/v2\/pages"}],"about":[{"href":"https:\/\/am-artcreation.com\/index.php\/wp-json\/wp\/v2\/types\/page"}],"author":[{"embeddable":true,"href":"https:\/\/am-artcreation.com\/index.php\/wp-json\/wp\/v2\/users\/1"}],"replies":[{"embeddable":true,"href":"https:\/\/am-artcreation.com\/index.php\/wp-json\/wp\/v2\/comments?post=244"}],"version-history":[{"count":3,"href":"https:\/\/am-artcreation.com\/index.php\/wp-json\/wp\/v2\/pages\/244\/revisions"}],"predecessor-version":[{"id":311,"href":"https:\/\/am-artcreation.com\/index.php\/wp-json\/wp\/v2\/pages\/244\/revisions\/311"}],"wp:attachment":[{"href":"https:\/\/am-artcreation.com\/index.php\/wp-json\/wp\/v2\/media?parent=244"}],"curies":[{"name":"wp","href":"https:\/\/api.w.org\/{rel}","templated":true}]}}